{"id":374,"date":"2021-02-28T10:05:15","date_gmt":"2021-02-28T10:05:15","guid":{"rendered":"https:\/\/mueckenschutz-alternativ.de\/?page_id=374"},"modified":"2021-02-28T10:50:26","modified_gmt":"2021-02-28T10:50:26","slug":"zitronengras","status":"publish","type":"page","link":"https:\/\/mueckenschutz-alternativ.de\/?page_id=374","title":{"rendered":"Zitronengras"},"content":{"rendered":"\t\t<div data-elementor-type=\"wp-post\" data-elementor-id=\"374\" class=\"elementor elementor-374\">\n\t\t\t\t\t\t<section class=\"elementor-section elementor-top-section elementor-element elementor-element-fb76faf elementor-section-boxed elementor-section-height-default elementor-section-height-default\" data-id=\"fb76faf\" data-element_type=\"section\" data-e-type=\"section\">\n\t\t\t\t\t\t<div class=\"elementor-container elementor-column-gap-default\">\n\t\t\t\t\t<div class=\"elementor-column elementor-col-100 elementor-top-column elementor-element elementor-element-7f0feb2\" data-id=\"7f0feb2\" data-element_type=\"column\" data-e-type=\"column\">\n\t\t\t<div class=\"elementor-widget-wrap elementor-element-populated\">\n\t\t\t\t\t\t<div class=\"elementor-element elementor-element-afa7045 elementor-widget elementor-widget-text-editor\" data-id=\"afa7045\" data-element_type=\"widget\" data-e-type=\"widget\" data-widget_type=\"text-editor.default\">\n\t\t\t\t<div class=\"elementor-widget-container\">\n\t\t\t\t\t\t\t\t\t<h6>\u00a0<\/h6><ul><li>\u00a0<\/li><\/ul>\t\t\t\t\t\t\t\t<\/div>\n\t\t\t\t<\/div>\n\t\t\t\t\t<\/div>\n\t\t<\/div>\n\t\t\t\t\t<\/div>\n\t\t<\/section>\n\t\t\t\t<section class=\"elementor-section elementor-top-section elementor-element elementor-element-4bf42d0 elementor-section-boxed elementor-section-height-default elementor-section-height-default\" data-id=\"4bf42d0\" data-element_type=\"section\" data-e-type=\"section\">\n\t\t\t\t\t\t<div class=\"elementor-container elementor-column-gap-default\">\n\t\t\t\t\t<div class=\"elementor-column elementor-col-100 elementor-top-column elementor-element elementor-element-1de5ec8\" data-id=\"1de5ec8\" data-element_type=\"column\" data-e-type=\"column\">\n\t\t\t<div class=\"elementor-widget-wrap elementor-element-populated\">\n\t\t\t\t\t\t<div class=\"elementor-element elementor-element-9aa2fb9 elementor-widget elementor-widget-heading\" data-id=\"9aa2fb9\" data-element_type=\"widget\" data-e-type=\"widget\" data-widget_type=\"heading.default\">\n\t\t\t\t<div class=\"elementor-widget-container\">\n\t\t\t\t\t<h2 class=\"elementor-heading-title elementor-size-large\">Hier nun die Idee zum Selberbasteln eines Zitronengras-S\u00e4ckchens<\/h2>\t\t\t\t<\/div>\n\t\t\t\t<\/div>\n\t\t\t\t\t<\/div>\n\t\t<\/div>\n\t\t\t\t\t<\/div>\n\t\t<\/section>\n\t\t\t\t<section class=\"elementor-section elementor-top-section elementor-element elementor-element-2f1e3ce elementor-section-boxed elementor-section-height-default elementor-section-height-default\" data-id=\"2f1e3ce\" data-element_type=\"section\" data-e-type=\"section\">\n\t\t\t\t\t\t<div class=\"elementor-container elementor-column-gap-default\">\n\t\t\t\t\t<div class=\"elementor-column elementor-col-100 elementor-top-column elementor-element elementor-element-5c85176\" data-id=\"5c85176\" data-element_type=\"column\" data-e-type=\"column\">\n\t\t\t<div class=\"elementor-widget-wrap elementor-element-populated\">\n\t\t\t\t\t\t<div class=\"elementor-element elementor-element-b61d298 elementor-widget elementor-widget-text-editor\" data-id=\"b61d298\" data-element_type=\"widget\" data-e-type=\"widget\" data-widget_type=\"text-editor.default\">\n\t\t\t\t<div class=\"elementor-widget-container\">\n\t\t\t\t\t\t\t\t\t<p><strong>Zitronengras<\/strong> wirkt gut als Abwehr. Gibt es als getrocknete K\u00fcchenkr\u00e4uter im Supermarkt oder Bio-Laden &#8211; sogar als frische Pflanze (ebenfalls im gutsortierten Supermarkt). Allerdings habe ich die frische Pflanze noch nicht getestet.<\/p><p>Als Alternative k\u00f6nnte evtl. auch getrocknete <strong>Zitronenmelisse<\/strong> eingesetzt werden. (Habe ich allerdings noch nicht ausprobiert.) Die Zitronenmelisse k\u00f6nnte man selbst im heimischen Garten oder auf dem Balkon anpflanzen, w\u00e4hrend das Zitronengras aus S\u00fcdostasien importiert werden muss.<\/p>\t\t\t\t\t\t\t\t<\/div>\n\t\t\t\t<\/div>\n\t\t\t\t\t<\/div>\n\t\t<\/div>\n\t\t\t\t\t<\/div>\n\t\t<\/section>\n\t\t\t\t<section class=\"elementor-section elementor-top-section elementor-element elementor-element-8ab2b1d elementor-section-boxed elementor-section-height-default elementor-section-height-default\" data-id=\"8ab2b1d\" data-element_type=\"section\" data-e-type=\"section\">\n\t\t\t\t\t\t<div class=\"elementor-container elementor-column-gap-default\">\n\t\t\t\t\t<div class=\"elementor-column elementor-col-100 elementor-top-column elementor-element elementor-element-dbc063a\" data-id=\"dbc063a\" data-element_type=\"column\" data-e-type=\"column\">\n\t\t\t<div class=\"elementor-widget-wrap elementor-element-populated\">\n\t\t\t\t\t\t<section class=\"elementor-section elementor-inner-section elementor-element elementor-element-d4f3070 elementor-section-boxed elementor-section-height-default elementor-section-height-default\" data-id=\"d4f3070\" data-element_type=\"section\" data-e-type=\"section\">\n\t\t\t\t\t\t<div class=\"elementor-container elementor-column-gap-default\">\n\t\t\t\t\t<div class=\"elementor-column elementor-col-50 elementor-inner-column elementor-element elementor-element-9996cf2\" data-id=\"9996cf2\" data-element_type=\"column\" data-e-type=\"column\">\n\t\t\t<div class=\"elementor-widget-wrap elementor-element-populated\">\n\t\t\t\t\t\t<div class=\"elementor-element elementor-element-183bb23 elementor-widget elementor-widget-text-editor\" data-id=\"183bb23\" data-element_type=\"widget\" data-e-type=\"widget\" data-widget_type=\"text-editor.default\">\n\t\t\t\t<div class=\"elementor-widget-container\">\n\t\t\t\t\t\t\t\t\t<p>Zum Basteln brauchen Sie:<\/p><ul><li>Satin-\/Futterstoff f\u00fcr Kleidung; nat\u00fcrlich k\u00f6nnen Sie auch den Organza-Stoff wie bei den Zimts\u00e4ckchen\u00a0 verwenden.\u00a0 Allerdings ist das Zitronengras h\u00e4ufig feiner und kann daher aus dem Organza-S\u00e4ckchen zum Teil herausfallen &#8211; tags\u00fcber ok, aber nachts im Kopfbereich des Bettes nicht gut.<\/li><li>Gummiband<\/li><li>und nat\u00fcrlich Zitronengras<\/li><\/ul><p>Der Stoff ist zu einem S\u00e4ckchen zusammen zu n\u00e4hen. Eine schmale Seite bleibt zum Bef\u00fcllen offen (siehe Zimts\u00e4ckchen).<\/p>\t\t\t\t\t\t\t\t<\/div>\n\t\t\t\t<\/div>\n\t\t\t\t\t<\/div>\n\t\t<\/div>\n\t\t\t\t<div class=\"elementor-column elementor-col-50 elementor-inner-column elementor-element elementor-element-566d8a3\" data-id=\"566d8a3\" data-element_type=\"column\" data-e-type=\"column\">\n\t\t\t<div class=\"elementor-widget-wrap elementor-element-populated\">\n\t\t\t\t\t\t<div class=\"elementor-element elementor-element-28a8e7c elementor-widget elementor-widget-image\" data-id=\"28a8e7c\" data-element_type=\"widget\" data-e-type=\"widget\" data-widget_type=\"image.default\">\n\t\t\t\t<div class=\"elementor-widget-container\">\n\t\t\t\t\t\t\t\t\t\t\t\t\t\t\t<img fetchpriority=\"high\" decoding=\"async\" width=\"768\" height=\"1024\" src=\"https:\/\/mueckenschutz-alternativ.de\/wp-content\/uploads\/2021\/02\/IMG_20210227_160337_klein-768x1024.jpg\" class=\"attachment-large size-large wp-image-380\" alt=\"\" srcset=\"https:\/\/mueckenschutz-alternativ.de\/wp-content\/uploads\/2021\/02\/IMG_20210227_160337_klein-768x1024.jpg 768w, https:\/\/mueckenschutz-alternativ.de\/wp-content\/uploads\/2021\/02\/IMG_20210227_160337_klein-225x300.jpg 225w, https:\/\/mueckenschutz-alternativ.de\/wp-content\/uploads\/2021\/02\/IMG_20210227_160337_klein-1152x1536.jpg 1152w, https:\/\/mueckenschutz-alternativ.de\/wp-content\/uploads\/2021\/02\/IMG_20210227_160337_klein.jpg 1248w\" sizes=\"(max-width: 768px) 100vw, 768px\" \/>\t\t\t\t\t\t\t\t\t\t\t\t\t\t\t<\/div>\n\t\t\t\t<\/div>\n\t\t\t\t\t<\/div>\n\t\t<\/div>\n\t\t\t\t\t<\/div>\n\t\t<\/section>\n\t\t\t\t\t<\/div>\n\t\t<\/div>\n\t\t\t\t\t<\/div>\n\t\t<\/section>\n\t\t\t\t<section class=\"elementor-section elementor-top-section elementor-element elementor-element-7f3001d elementor-section-boxed elementor-section-height-default elementor-section-height-default\" data-id=\"7f3001d\" data-element_type=\"section\" data-e-type=\"section\">\n\t\t\t\t\t\t<div class=\"elementor-container elementor-column-gap-default\">\n\t\t\t\t\t<div class=\"elementor-column elementor-col-100 elementor-top-column elementor-element elementor-element-14d0384\" data-id=\"14d0384\" data-element_type=\"column\" data-e-type=\"column\">\n\t\t\t<div class=\"elementor-widget-wrap elementor-element-populated\">\n\t\t\t\t\t\t<section class=\"elementor-section elementor-inner-section elementor-element elementor-element-76d3f63 elementor-section-boxed elementor-section-height-default elementor-section-height-default\" data-id=\"76d3f63\" data-element_type=\"section\" data-e-type=\"section\">\n\t\t\t\t\t\t<div class=\"elementor-container elementor-column-gap-default\">\n\t\t\t\t\t<div class=\"elementor-column elementor-col-50 elementor-inner-column elementor-element elementor-element-3aa7b8b\" data-id=\"3aa7b8b\" data-element_type=\"column\" data-e-type=\"column\">\n\t\t\t<div class=\"elementor-widget-wrap elementor-element-populated\">\n\t\t\t\t\t\t<div class=\"elementor-element elementor-element-fb5d968 elementor-widget elementor-widget-text-editor\" data-id=\"fb5d968\" data-element_type=\"widget\" data-e-type=\"widget\" data-widget_type=\"text-editor.default\">\n\t\t\t\t<div class=\"elementor-widget-container\">\n\t\t\t\t\t\t\t\t\t<p>Dann kann das S\u00e4ckchen mit dem Zitronengras bef\u00fcllt werden. Danach das Gummiband in der Mitte des S\u00e4ckchens anordnen.<\/p>\t\t\t\t\t\t\t\t<\/div>\n\t\t\t\t<\/div>\n\t\t\t\t\t<\/div>\n\t\t<\/div>\n\t\t\t\t<div class=\"elementor-column elementor-col-50 elementor-inner-column elementor-element elementor-element-aff48dc\" data-id=\"aff48dc\" data-element_type=\"column\" data-e-type=\"column\">\n\t\t\t<div class=\"elementor-widget-wrap elementor-element-populated\">\n\t\t\t\t\t\t<div class=\"elementor-element elementor-element-63d871e elementor-widget elementor-widget-image\" data-id=\"63d871e\" data-element_type=\"widget\" data-e-type=\"widget\" data-widget_type=\"image.default\">\n\t\t\t\t<div class=\"elementor-widget-container\">\n\t\t\t\t\t\t\t\t\t\t\t\t\t\t\t<img decoding=\"async\" width=\"1024\" height=\"768\" src=\"https:\/\/mueckenschutz-alternativ.de\/wp-content\/uploads\/2021\/02\/IMG_20210227_160459_klein-1024x768.jpg\" class=\"attachment-large size-large wp-image-381\" alt=\"\" srcset=\"https:\/\/mueckenschutz-alternativ.de\/wp-content\/uploads\/2021\/02\/IMG_20210227_160459_klein-1024x768.jpg 1024w, https:\/\/mueckenschutz-alternativ.de\/wp-content\/uploads\/2021\/02\/IMG_20210227_160459_klein-300x225.jpg 300w, https:\/\/mueckenschutz-alternativ.de\/wp-content\/uploads\/2021\/02\/IMG_20210227_160459_klein-768x576.jpg 768w, https:\/\/mueckenschutz-alternativ.de\/wp-content\/uploads\/2021\/02\/IMG_20210227_160459_klein-1536x1152.jpg 1536w, https:\/\/mueckenschutz-alternativ.de\/wp-content\/uploads\/2021\/02\/IMG_20210227_160459_klein.jpg 1664w\" sizes=\"(max-width: 1024px) 100vw, 1024px\" \/>\t\t\t\t\t\t\t\t\t\t\t\t\t\t\t<\/div>\n\t\t\t\t<\/div>\n\t\t\t\t\t<\/div>\n\t\t<\/div>\n\t\t\t\t\t<\/div>\n\t\t<\/section>\n\t\t\t\t\t<\/div>\n\t\t<\/div>\n\t\t\t\t\t<\/div>\n\t\t<\/section>\n\t\t\t\t<section class=\"elementor-section elementor-top-section elementor-element elementor-element-936226a elementor-section-boxed elementor-section-height-default elementor-section-height-default\" data-id=\"936226a\" data-element_type=\"section\" data-e-type=\"section\">\n\t\t\t\t\t\t<div class=\"elementor-container elementor-column-gap-default\">\n\t\t\t\t\t<div class=\"elementor-column elementor-col-100 elementor-top-column elementor-element elementor-element-92ba387\" data-id=\"92ba387\" data-element_type=\"column\" data-e-type=\"column\">\n\t\t\t<div class=\"elementor-widget-wrap elementor-element-populated\">\n\t\t\t\t\t\t<section class=\"elementor-section elementor-inner-section elementor-element elementor-element-4ccd843 elementor-section-boxed elementor-section-height-default elementor-section-height-default\" data-id=\"4ccd843\" data-element_type=\"section\" data-e-type=\"section\">\n\t\t\t\t\t\t<div class=\"elementor-container elementor-column-gap-default\">\n\t\t\t\t\t<div class=\"elementor-column elementor-col-50 elementor-inner-column elementor-element elementor-element-88dccbf\" data-id=\"88dccbf\" data-element_type=\"column\" data-e-type=\"column\">\n\t\t\t<div class=\"elementor-widget-wrap elementor-element-populated\">\n\t\t\t\t\t\t<div class=\"elementor-element elementor-element-4a9a6f5 elementor-widget elementor-widget-text-editor\" data-id=\"4a9a6f5\" data-element_type=\"widget\" data-e-type=\"widget\" data-widget_type=\"text-editor.default\">\n\t\t\t\t<div class=\"elementor-widget-container\">\n\t\t\t\t\t\t\t\t\t<p>Nun einen Knoten in das S\u00e4ckchen machen.<br \/>Fertig ist das Zitronengras-S\u00e4ckchen!<\/p><p>Das Gummiband kann in jeder beliebigen L\u00e4nge benutzt werden und erm\u00f6glicht so die Anwendung des S\u00e4ckchens fast \u00fcberall am K\u00f6rper.<br \/>&#8211; Haarschmuck<br \/>&#8211; Kette<br \/>&#8211; Arm<br \/>&#8211; Bein \/ Fu\u00dfgelenk<\/p>\t\t\t\t\t\t\t\t<\/div>\n\t\t\t\t<\/div>\n\t\t\t\t\t<\/div>\n\t\t<\/div>\n\t\t\t\t<div class=\"elementor-column elementor-col-50 elementor-inner-column elementor-element elementor-element-9fbeceb\" data-id=\"9fbeceb\" data-element_type=\"column\" data-e-type=\"column\">\n\t\t\t<div class=\"elementor-widget-wrap elementor-element-populated\">\n\t\t\t\t\t\t<div class=\"elementor-element elementor-element-5a1a809 elementor-widget elementor-widget-image\" data-id=\"5a1a809\" data-element_type=\"widget\" data-e-type=\"widget\" data-widget_type=\"image.default\">\n\t\t\t\t<div class=\"elementor-widget-container\">\n\t\t\t\t\t\t\t\t\t\t\t\t\t\t\t<img decoding=\"async\" width=\"768\" height=\"1024\" src=\"https:\/\/mueckenschutz-alternativ.de\/wp-content\/uploads\/2021\/02\/IMG_20210227_160631_klein-768x1024.jpg\" class=\"attachment-large size-large wp-image-382\" alt=\"\" srcset=\"https:\/\/mueckenschutz-alternativ.de\/wp-content\/uploads\/2021\/02\/IMG_20210227_160631_klein-768x1024.jpg 768w, https:\/\/mueckenschutz-alternativ.de\/wp-content\/uploads\/2021\/02\/IMG_20210227_160631_klein-225x300.jpg 225w, https:\/\/mueckenschutz-alternativ.de\/wp-content\/uploads\/2021\/02\/IMG_20210227_160631_klein-1152x1536.jpg 1152w, https:\/\/mueckenschutz-alternativ.de\/wp-content\/uploads\/2021\/02\/IMG_20210227_160631_klein.jpg 1248w\" sizes=\"(max-width: 768px) 100vw, 768px\" \/>\t\t\t\t\t\t\t\t\t\t\t\t\t\t\t<\/div>\n\t\t\t\t<\/div>\n\t\t\t\t\t<\/div>\n\t\t<\/div>\n\t\t\t\t\t<\/div>\n\t\t<\/section>\n\t\t\t\t\t<\/div>\n\t\t<\/div>\n\t\t\t\t\t<\/div>\n\t\t<\/section>\n\t\t\t\t<\/div>\n\t\t","protected":false},"excerpt":{"rendered":"<p>\u00a0 \u00a0 Hier nun die Idee zum Selberbasteln eines Zitronengras-S\u00e4ckchens Zitronengras wirkt gut als Abwehr. Gibt es als getrocknete K\u00fcchenkr\u00e4uter im Supermarkt oder Bio-Laden &#8211; sogar als frische Pflanze (ebenfalls im gutsortierten Supermarkt). Allerdings habe ich die frische Pflanze noch nicht getestet. Als Alternative k\u00f6nnte evtl. auch getrocknete Zitronenmelisse eingesetzt werden. (Habe ich allerdings noch [&hellip;]<\/p>\n","protected":false},"author":1,"featured_media":0,"parent":89,"menu_order":0,"comment_status":"closed","ping_status":"closed","template":"elementor_header_footer","meta":{"ocean_post_layout":"full-screen","ocean_both_sidebars_style":"","ocean_both_sidebars_content_width":0,"ocean_both_sidebars_sidebars_width":0,"ocean_sidebar":"0","ocean_second_sidebar":"0","ocean_disable_margins":"enable","ocean_add_body_class":"","ocean_shortcode_before_top_bar":"","ocean_shortcode_after_top_bar":"","ocean_shortcode_before_header":"","ocean_shortcode_after_header":"","ocean_has_shortcode":"","ocean_shortcode_after_title":"","ocean_shortcode_before_footer_widgets":"","ocean_shortcode_after_footer_widgets":"","ocean_shortcode_before_footer_bottom":"","ocean_shortcode_after_footer_bottom":"","ocean_display_top_bar":"on","ocean_display_header":"on","ocean_header_style":"","ocean_center_header_left_menu":"0","ocean_custom_header_template":"0","ocean_custom_logo":0,"ocean_custom_retina_logo":0,"ocean_custom_logo_max_width":0,"ocean_custom_logo_tablet_max_width":0,"ocean_custom_logo_mobile_max_width":0,"ocean_custom_logo_max_height":0,"ocean_custom_logo_tablet_max_height":0,"ocean_custom_logo_mobile_max_height":0,"ocean_header_custom_menu":"0","ocean_menu_typo_font_family":"0","ocean_menu_typo_font_subset":"","ocean_menu_typo_font_size":0,"ocean_menu_typo_font_size_tablet":0,"ocean_menu_typo_font_size_mobile":0,"ocean_menu_typo_font_size_unit":"px","ocean_menu_typo_font_weight":"","ocean_menu_typo_font_weight_tablet":"","ocean_menu_typo_font_weight_mobile":"","ocean_menu_typo_transform":"","ocean_menu_typo_transform_tablet":"","ocean_menu_typo_transform_mobile":"","ocean_menu_typo_line_height":0,"ocean_menu_typo_line_height_tablet":0,"ocean_menu_typo_line_height_mobile":0,"ocean_menu_typo_line_height_unit":"","ocean_menu_typo_spacing":0,"ocean_menu_typo_spacing_tablet":0,"ocean_menu_typo_spacing_mobile":0,"ocean_menu_typo_spacing_unit":"","ocean_menu_link_color":"","ocean_menu_link_color_hover":"","ocean_menu_link_color_active":"","ocean_menu_link_background":"","ocean_menu_link_hover_background":"","ocean_menu_link_active_background":"","ocean_menu_social_links_bg":"","ocean_menu_social_hover_links_bg":"","ocean_menu_social_links_color":"","ocean_menu_social_hover_links_color":"","ocean_disable_title":"on","ocean_disable_heading":"default","ocean_post_title":"","ocean_post_subheading":"","ocean_post_title_style":"","ocean_post_title_background_color":"","ocean_post_title_background":0,"ocean_post_title_bg_image_position":"","ocean_post_title_bg_image_attachment":"","ocean_post_title_bg_image_repeat":"","ocean_post_title_bg_image_size":"","ocean_post_title_height":0,"ocean_post_title_bg_overlay":0.5,"ocean_post_title_bg_overlay_color":"","ocean_disable_breadcrumbs":"default","ocean_breadcrumbs_color":"","ocean_breadcrumbs_separator_color":"","ocean_breadcrumbs_links_color":"","ocean_breadcrumbs_links_hover_color":"","ocean_display_footer_widgets":"on","ocean_display_footer_bottom":"on","ocean_custom_footer_template":"0","footnotes":""},"class_list":["post-374","page","type-page","status-publish","hentry","entry"],"_links":{"self":[{"href":"https:\/\/mueckenschutz-alternativ.de\/index.php?rest_route=\/wp\/v2\/pages\/374","targetHints":{"allow":["GET"]}}],"collection":[{"href":"https:\/\/mueckenschutz-alternativ.de\/index.php?rest_route=\/wp\/v2\/pages"}],"about":[{"href":"https:\/\/mueckenschutz-alternativ.de\/index.php?rest_route=\/wp\/v2\/types\/page"}],"author":[{"embeddable":true,"href":"https:\/\/mueckenschutz-alternativ.de\/index.php?rest_route=\/wp\/v2\/users\/1"}],"replies":[{"embeddable":true,"href":"https:\/\/mueckenschutz-alternativ.de\/index.php?rest_route=%2Fwp%2Fv2%2Fcomments&post=374"}],"version-history":[{"count":7,"href":"https:\/\/mueckenschutz-alternativ.de\/index.php?rest_route=\/wp\/v2\/pages\/374\/revisions"}],"predecessor-version":[{"id":389,"href":"https:\/\/mueckenschutz-alternativ.de\/index.php?rest_route=\/wp\/v2\/pages\/374\/revisions\/389"}],"up":[{"embeddable":true,"href":"https:\/\/mueckenschutz-alternativ.de\/index.php?rest_route=\/wp\/v2\/pages\/89"}],"wp:attachment":[{"href":"https:\/\/mueckenschutz-alternativ.de\/index.php?rest_route=%2Fwp%2Fv2%2Fmedia&parent=374"}],"curies":[{"name":"wp","href":"https:\/\/api.w.org\/{rel}","templated":true}]}}