{"id":414,"date":"2021-04-05T12:17:26","date_gmt":"2021-04-05T12:17:26","guid":{"rendered":"https:\/\/mueckenschutz-alternativ.de\/?page_id=414"},"modified":"2021-04-05T12:50:08","modified_gmt":"2021-04-05T12:50:08","slug":"zimt-hand","status":"publish","type":"page","link":"https:\/\/mueckenschutz-alternativ.de\/?page_id=414","title":{"rendered":"Zimt-Hand"},"content":{"rendered":"\t\t<div data-elementor-type=\"wp-post\" data-elementor-id=\"414\" class=\"elementor elementor-414\">\n\t\t\t\t\t\t<section class=\"elementor-section elementor-top-section elementor-element elementor-element-fb76faf elementor-section-boxed elementor-section-height-default elementor-section-height-default\" data-id=\"fb76faf\" data-element_type=\"section\" data-e-type=\"section\">\n\t\t\t\t\t\t<div class=\"elementor-container elementor-column-gap-default\">\n\t\t\t\t\t<div class=\"elementor-column elementor-col-100 elementor-top-column elementor-element elementor-element-7f0feb2\" data-id=\"7f0feb2\" data-element_type=\"column\" data-e-type=\"column\">\n\t\t\t<div class=\"elementor-widget-wrap elementor-element-populated\">\n\t\t\t\t\t\t<div class=\"elementor-element elementor-element-afa7045 elementor-widget elementor-widget-text-editor\" data-id=\"afa7045\" data-element_type=\"widget\" data-e-type=\"widget\" data-widget_type=\"text-editor.default\">\n\t\t\t\t<div class=\"elementor-widget-container\">\n\t\t\t\t\t\t\t\t\t<h6>\u00a0<\/h6><ul><li>\u00a0<\/li><\/ul>\t\t\t\t\t\t\t\t<\/div>\n\t\t\t\t<\/div>\n\t\t\t\t\t<\/div>\n\t\t<\/div>\n\t\t\t\t\t<\/div>\n\t\t<\/section>\n\t\t\t\t<section class=\"elementor-section elementor-top-section elementor-element elementor-element-4bf42d0 elementor-section-boxed elementor-section-height-default elementor-section-height-default\" data-id=\"4bf42d0\" data-element_type=\"section\" data-e-type=\"section\">\n\t\t\t\t\t\t<div class=\"elementor-container elementor-column-gap-default\">\n\t\t\t\t\t<div class=\"elementor-column elementor-col-100 elementor-top-column elementor-element elementor-element-1de5ec8\" data-id=\"1de5ec8\" data-element_type=\"column\" data-e-type=\"column\">\n\t\t\t<div class=\"elementor-widget-wrap elementor-element-populated\">\n\t\t\t\t\t\t<div class=\"elementor-element elementor-element-9aa2fb9 elementor-widget elementor-widget-heading\" data-id=\"9aa2fb9\" data-element_type=\"widget\" data-e-type=\"widget\" data-widget_type=\"heading.default\">\n\t\t\t\t<div class=\"elementor-widget-container\">\n\t\t\t\t\t<h2 class=\"elementor-heading-title elementor-size-large\">Hier nun die Idee zum Selberbasteln eines Zimts\u00e4ckchens f\u00fcr den Handr\u00fccken<\/h2>\t\t\t\t<\/div>\n\t\t\t\t<\/div>\n\t\t\t\t\t<\/div>\n\t\t<\/div>\n\t\t\t\t\t<\/div>\n\t\t<\/section>\n\t\t\t\t<section class=\"elementor-section elementor-top-section elementor-element elementor-element-8ab2b1d elementor-section-boxed elementor-section-height-default elementor-section-height-default\" data-id=\"8ab2b1d\" data-element_type=\"section\" data-e-type=\"section\">\n\t\t\t\t\t\t<div class=\"elementor-container elementor-column-gap-default\">\n\t\t\t\t\t<div class=\"elementor-column elementor-col-100 elementor-top-column elementor-element elementor-element-dbc063a\" data-id=\"dbc063a\" data-element_type=\"column\" data-e-type=\"column\">\n\t\t\t<div class=\"elementor-widget-wrap elementor-element-populated\">\n\t\t\t\t\t\t<section class=\"elementor-section elementor-inner-section elementor-element elementor-element-d4f3070 elementor-section-boxed elementor-section-height-default elementor-section-height-default\" data-id=\"d4f3070\" data-element_type=\"section\" data-e-type=\"section\">\n\t\t\t\t\t\t<div class=\"elementor-container elementor-column-gap-default\">\n\t\t\t\t\t<div class=\"elementor-column elementor-col-50 elementor-inner-column elementor-element elementor-element-9996cf2\" data-id=\"9996cf2\" data-element_type=\"column\" data-e-type=\"column\">\n\t\t\t<div class=\"elementor-widget-wrap elementor-element-populated\">\n\t\t\t\t\t\t<div class=\"elementor-element elementor-element-183bb23 elementor-widget elementor-widget-text-editor\" data-id=\"183bb23\" data-element_type=\"widget\" data-e-type=\"widget\" data-widget_type=\"text-editor.default\">\n\t\t\t\t<div class=\"elementor-widget-container\">\n\t\t\t\t\t\t\t\t\t<p>Sie brauchen einen gen\u00e4hten Stoffschlauch (Organzastoff oder Satin), ein Gummiband und nat\u00fcrlich Zimtstangen.<\/p><p>Das Gummiband doppelt in den Schlauch einziehen.<\/p>\t\t\t\t\t\t\t\t<\/div>\n\t\t\t\t<\/div>\n\t\t\t\t\t<\/div>\n\t\t<\/div>\n\t\t\t\t<div class=\"elementor-column elementor-col-50 elementor-inner-column elementor-element elementor-element-566d8a3\" data-id=\"566d8a3\" data-element_type=\"column\" data-e-type=\"column\">\n\t\t\t<div class=\"elementor-widget-wrap elementor-element-populated\">\n\t\t\t\t\t\t<div class=\"elementor-element elementor-element-28a8e7c elementor-widget elementor-widget-image\" data-id=\"28a8e7c\" data-element_type=\"widget\" data-e-type=\"widget\" data-widget_type=\"image.default\">\n\t\t\t\t<div class=\"elementor-widget-container\">\n\t\t\t\t\t\t\t\t\t\t\t\t\t\t\t<img fetchpriority=\"high\" decoding=\"async\" width=\"1024\" height=\"768\" src=\"https:\/\/mueckenschutz-alternativ.de\/wp-content\/uploads\/2021\/04\/IMG_20210402_120135-1024x768.jpg\" class=\"attachment-large size-large wp-image-402\" alt=\"\" srcset=\"https:\/\/mueckenschutz-alternativ.de\/wp-content\/uploads\/2021\/04\/IMG_20210402_120135-1024x768.jpg 1024w, https:\/\/mueckenschutz-alternativ.de\/wp-content\/uploads\/2021\/04\/IMG_20210402_120135-300x225.jpg 300w, https:\/\/mueckenschutz-alternativ.de\/wp-content\/uploads\/2021\/04\/IMG_20210402_120135-768x576.jpg 768w, https:\/\/mueckenschutz-alternativ.de\/wp-content\/uploads\/2021\/04\/IMG_20210402_120135-1536x1152.jpg 1536w, https:\/\/mueckenschutz-alternativ.de\/wp-content\/uploads\/2021\/04\/IMG_20210402_120135.jpg 1664w\" sizes=\"(max-width: 1024px) 100vw, 1024px\" \/>\t\t\t\t\t\t\t\t\t\t\t\t\t\t\t<\/div>\n\t\t\t\t<\/div>\n\t\t\t\t\t<\/div>\n\t\t<\/div>\n\t\t\t\t\t<\/div>\n\t\t<\/section>\n\t\t\t\t\t<\/div>\n\t\t<\/div>\n\t\t\t\t\t<\/div>\n\t\t<\/section>\n\t\t\t\t<section class=\"elementor-section elementor-top-section elementor-element elementor-element-7f3001d elementor-section-boxed elementor-section-height-default elementor-section-height-default\" data-id=\"7f3001d\" data-element_type=\"section\" data-e-type=\"section\">\n\t\t\t\t\t\t<div class=\"elementor-container elementor-column-gap-default\">\n\t\t\t\t\t<div class=\"elementor-column elementor-col-100 elementor-top-column elementor-element elementor-element-14d0384\" data-id=\"14d0384\" data-element_type=\"column\" data-e-type=\"column\">\n\t\t\t<div class=\"elementor-widget-wrap elementor-element-populated\">\n\t\t\t\t\t\t<section class=\"elementor-section elementor-inner-section elementor-element elementor-element-76d3f63 elementor-section-boxed elementor-section-height-default elementor-section-height-default\" data-id=\"76d3f63\" data-element_type=\"section\" data-e-type=\"section\">\n\t\t\t\t\t\t<div class=\"elementor-container elementor-column-gap-default\">\n\t\t\t\t\t<div class=\"elementor-column elementor-col-50 elementor-inner-column elementor-element elementor-element-3aa7b8b\" data-id=\"3aa7b8b\" data-element_type=\"column\" data-e-type=\"column\">\n\t\t\t<div class=\"elementor-widget-wrap elementor-element-populated\">\n\t\t\t\t\t\t<div class=\"elementor-element elementor-element-fb5d968 elementor-widget elementor-widget-text-editor\" data-id=\"fb5d968\" data-element_type=\"widget\" data-e-type=\"widget\" data-widget_type=\"text-editor.default\">\n\t\t\t\t<div class=\"elementor-widget-container\">\n\t\t\t\t\t\t\t\t\t<p>Das Ende des Stoffes mit dem Gummiband zusammen verknoten und den Schlauch am offenen Ende mit einer Zimtstange bef\u00fcllen.<\/p>\t\t\t\t\t\t\t\t<\/div>\n\t\t\t\t<\/div>\n\t\t\t\t\t<\/div>\n\t\t<\/div>\n\t\t\t\t<div class=\"elementor-column elementor-col-50 elementor-inner-column elementor-element elementor-element-aff48dc\" data-id=\"aff48dc\" data-element_type=\"column\" data-e-type=\"column\">\n\t\t\t<div class=\"elementor-widget-wrap elementor-element-populated\">\n\t\t\t\t\t\t<div class=\"elementor-element elementor-element-63d871e elementor-widget elementor-widget-image\" data-id=\"63d871e\" data-element_type=\"widget\" data-e-type=\"widget\" data-widget_type=\"image.default\">\n\t\t\t\t<div class=\"elementor-widget-container\">\n\t\t\t\t\t\t\t\t\t\t\t\t\t\t\t<img decoding=\"async\" width=\"1024\" height=\"768\" src=\"https:\/\/mueckenschutz-alternativ.de\/wp-content\/uploads\/2021\/04\/IMG_20210402_120435-1024x768.jpg\" class=\"attachment-large size-large wp-image-403\" alt=\"\" srcset=\"https:\/\/mueckenschutz-alternativ.de\/wp-content\/uploads\/2021\/04\/IMG_20210402_120435-1024x768.jpg 1024w, https:\/\/mueckenschutz-alternativ.de\/wp-content\/uploads\/2021\/04\/IMG_20210402_120435-300x225.jpg 300w, https:\/\/mueckenschutz-alternativ.de\/wp-content\/uploads\/2021\/04\/IMG_20210402_120435-768x576.jpg 768w, https:\/\/mueckenschutz-alternativ.de\/wp-content\/uploads\/2021\/04\/IMG_20210402_120435-1536x1152.jpg 1536w, https:\/\/mueckenschutz-alternativ.de\/wp-content\/uploads\/2021\/04\/IMG_20210402_120435-rotated.jpg 1664w\" sizes=\"(max-width: 1024px) 100vw, 1024px\" \/>\t\t\t\t\t\t\t\t\t\t\t\t\t\t\t<\/div>\n\t\t\t\t<\/div>\n\t\t\t\t\t<\/div>\n\t\t<\/div>\n\t\t\t\t\t<\/div>\n\t\t<\/section>\n\t\t\t\t\t<\/div>\n\t\t<\/div>\n\t\t\t\t\t<\/div>\n\t\t<\/section>\n\t\t\t\t<section class=\"elementor-section elementor-top-section elementor-element elementor-element-0c86180 elementor-section-boxed elementor-section-height-default elementor-section-height-default\" data-id=\"0c86180\" data-element_type=\"section\" data-e-type=\"section\">\n\t\t\t\t\t\t<div class=\"elementor-container elementor-column-gap-default\">\n\t\t\t\t\t<div class=\"elementor-column elementor-col-100 elementor-top-column elementor-element elementor-element-cc7e484\" data-id=\"cc7e484\" data-element_type=\"column\" data-e-type=\"column\">\n\t\t\t<div class=\"elementor-widget-wrap elementor-element-populated\">\n\t\t\t\t\t\t<section class=\"elementor-section elementor-inner-section elementor-element elementor-element-fd2e007 elementor-section-boxed elementor-section-height-default elementor-section-height-default\" data-id=\"fd2e007\" data-element_type=\"section\" data-e-type=\"section\">\n\t\t\t\t\t\t<div class=\"elementor-container elementor-column-gap-default\">\n\t\t\t\t\t<div class=\"elementor-column elementor-col-50 elementor-inner-column elementor-element elementor-element-7f37469\" data-id=\"7f37469\" data-element_type=\"column\" data-e-type=\"column\">\n\t\t\t<div class=\"elementor-widget-wrap elementor-element-populated\">\n\t\t\t\t\t\t<div class=\"elementor-element elementor-element-b7d1f46 elementor-widget elementor-widget-text-editor\" data-id=\"b7d1f46\" data-element_type=\"widget\" data-e-type=\"widget\" data-widget_type=\"text-editor.default\">\n\t\t\t\t<div class=\"elementor-widget-container\">\n\t\t\t\t\t\t\t\t\t<p>Nun das offene Ende auch zuknoten.<\/p>\t\t\t\t\t\t\t\t<\/div>\n\t\t\t\t<\/div>\n\t\t\t\t\t<\/div>\n\t\t<\/div>\n\t\t\t\t<div class=\"elementor-column elementor-col-50 elementor-inner-column elementor-element elementor-element-366027f\" data-id=\"366027f\" data-element_type=\"column\" data-e-type=\"column\">\n\t\t\t<div class=\"elementor-widget-wrap elementor-element-populated\">\n\t\t\t\t\t\t<div class=\"elementor-element elementor-element-438a458 elementor-widget elementor-widget-image\" data-id=\"438a458\" data-element_type=\"widget\" data-e-type=\"widget\" data-widget_type=\"image.default\">\n\t\t\t\t<div class=\"elementor-widget-container\">\n\t\t\t\t\t\t\t\t\t\t\t\t\t\t\t<img decoding=\"async\" width=\"1024\" height=\"768\" src=\"https:\/\/mueckenschutz-alternativ.de\/wp-content\/uploads\/2021\/04\/IMG_20210402_120543-1024x768.jpg\" class=\"attachment-large size-large wp-image-404\" alt=\"\" srcset=\"https:\/\/mueckenschutz-alternativ.de\/wp-content\/uploads\/2021\/04\/IMG_20210402_120543-1024x768.jpg 1024w, https:\/\/mueckenschutz-alternativ.de\/wp-content\/uploads\/2021\/04\/IMG_20210402_120543-300x225.jpg 300w, https:\/\/mueckenschutz-alternativ.de\/wp-content\/uploads\/2021\/04\/IMG_20210402_120543-768x576.jpg 768w, https:\/\/mueckenschutz-alternativ.de\/wp-content\/uploads\/2021\/04\/IMG_20210402_120543-1536x1152.jpg 1536w, https:\/\/mueckenschutz-alternativ.de\/wp-content\/uploads\/2021\/04\/IMG_20210402_120543.jpg 1664w\" sizes=\"(max-width: 1024px) 100vw, 1024px\" \/>\t\t\t\t\t\t\t\t\t\t\t\t\t\t\t<\/div>\n\t\t\t\t<\/div>\n\t\t\t\t\t<\/div>\n\t\t<\/div>\n\t\t\t\t\t<\/div>\n\t\t<\/section>\n\t\t\t\t\t<\/div>\n\t\t<\/div>\n\t\t\t\t\t<\/div>\n\t\t<\/section>\n\t\t\t\t<section class=\"elementor-section elementor-top-section elementor-element elementor-element-db59501 elementor-section-boxed elementor-section-height-default elementor-section-height-default\" data-id=\"db59501\" data-element_type=\"section\" data-e-type=\"section\">\n\t\t\t\t\t\t<div class=\"elementor-container elementor-column-gap-default\">\n\t\t\t\t\t<div class=\"elementor-column elementor-col-100 elementor-top-column elementor-element elementor-element-56a3c1c\" data-id=\"56a3c1c\" data-element_type=\"column\" data-e-type=\"column\">\n\t\t\t<div class=\"elementor-widget-wrap elementor-element-populated\">\n\t\t\t\t\t\t<section class=\"elementor-section elementor-inner-section elementor-element elementor-element-be3d486 elementor-section-boxed elementor-section-height-default elementor-section-height-default\" data-id=\"be3d486\" data-element_type=\"section\" data-e-type=\"section\">\n\t\t\t\t\t\t<div class=\"elementor-container elementor-column-gap-default\">\n\t\t\t\t\t<div class=\"elementor-column elementor-col-50 elementor-inner-column elementor-element elementor-element-0e6c93c\" data-id=\"0e6c93c\" data-element_type=\"column\" data-e-type=\"column\">\n\t\t\t<div class=\"elementor-widget-wrap elementor-element-populated\">\n\t\t\t\t\t\t<div class=\"elementor-element elementor-element-c39580e elementor-widget elementor-widget-text-editor\" data-id=\"c39580e\" data-element_type=\"widget\" data-e-type=\"widget\" data-widget_type=\"text-editor.default\">\n\t\t\t\t<div class=\"elementor-widget-container\">\n\t\t\t\t\t\t\t\t\t<p>Danach wird das Gummiband verknotet.<\/p><p>Fertig!<\/p>\t\t\t\t\t\t\t\t<\/div>\n\t\t\t\t<\/div>\n\t\t\t\t\t<\/div>\n\t\t<\/div>\n\t\t\t\t<div class=\"elementor-column elementor-col-50 elementor-inner-column elementor-element elementor-element-47cb511\" data-id=\"47cb511\" data-element_type=\"column\" data-e-type=\"column\">\n\t\t\t<div class=\"elementor-widget-wrap elementor-element-populated\">\n\t\t\t\t\t\t<div class=\"elementor-element elementor-element-132bed2 elementor-widget elementor-widget-image\" data-id=\"132bed2\" data-element_type=\"widget\" data-e-type=\"widget\" data-widget_type=\"image.default\">\n\t\t\t\t<div class=\"elementor-widget-container\">\n\t\t\t\t\t\t\t\t\t\t\t\t\t\t\t<img loading=\"lazy\" decoding=\"async\" width=\"1024\" height=\"768\" src=\"https:\/\/mueckenschutz-alternativ.de\/wp-content\/uploads\/2021\/04\/IMG_20210402_120734-1024x768.jpg\" class=\"attachment-large size-large wp-image-405\" alt=\"\" srcset=\"https:\/\/mueckenschutz-alternativ.de\/wp-content\/uploads\/2021\/04\/IMG_20210402_120734-1024x768.jpg 1024w, https:\/\/mueckenschutz-alternativ.de\/wp-content\/uploads\/2021\/04\/IMG_20210402_120734-300x225.jpg 300w, https:\/\/mueckenschutz-alternativ.de\/wp-content\/uploads\/2021\/04\/IMG_20210402_120734-768x576.jpg 768w, https:\/\/mueckenschutz-alternativ.de\/wp-content\/uploads\/2021\/04\/IMG_20210402_120734-1536x1152.jpg 1536w, https:\/\/mueckenschutz-alternativ.de\/wp-content\/uploads\/2021\/04\/IMG_20210402_120734-rotated.jpg 1664w\" sizes=\"(max-width: 1024px) 100vw, 1024px\" \/>\t\t\t\t\t\t\t\t\t\t\t\t\t\t\t<\/div>\n\t\t\t\t<\/div>\n\t\t\t\t\t<\/div>\n\t\t<\/div>\n\t\t\t\t\t<\/div>\n\t\t<\/section>\n\t\t\t\t\t<\/div>\n\t\t<\/div>\n\t\t\t\t\t<\/div>\n\t\t<\/section>\n\t\t\t\t<section class=\"elementor-section elementor-top-section elementor-element elementor-element-8081d56 elementor-section-boxed elementor-section-height-default elementor-section-height-default\" data-id=\"8081d56\" data-element_type=\"section\" data-e-type=\"section\">\n\t\t\t\t\t\t<div class=\"elementor-container elementor-column-gap-default\">\n\t\t\t\t\t<div class=\"elementor-column elementor-col-100 elementor-top-column elementor-element elementor-element-03606bc\" data-id=\"03606bc\" data-element_type=\"column\" data-e-type=\"column\">\n\t\t\t<div class=\"elementor-widget-wrap elementor-element-populated\">\n\t\t\t\t\t\t<section class=\"elementor-section elementor-inner-section elementor-element elementor-element-ab2db85 elementor-section-boxed elementor-section-height-default elementor-section-height-default\" data-id=\"ab2db85\" data-element_type=\"section\" data-e-type=\"section\">\n\t\t\t\t\t\t<div class=\"elementor-container elementor-column-gap-default\">\n\t\t\t\t\t<div class=\"elementor-column elementor-col-50 elementor-inner-column elementor-element elementor-element-10769d7\" data-id=\"10769d7\" data-element_type=\"column\" data-e-type=\"column\">\n\t\t\t<div class=\"elementor-widget-wrap elementor-element-populated\">\n\t\t\t\t\t\t<div class=\"elementor-element elementor-element-d23a94d elementor-widget elementor-widget-text-editor\" data-id=\"d23a94d\" data-element_type=\"widget\" data-e-type=\"widget\" data-widget_type=\"text-editor.default\">\n\t\t\t\t<div class=\"elementor-widget-container\">\n\t\t\t\t\t\t\t\t\t<p>&#8230;\u00a0 und so wird das Zimtstoffs\u00e4ckchen auf dem Handr\u00fccken getragen.<\/p>\t\t\t\t\t\t\t\t<\/div>\n\t\t\t\t<\/div>\n\t\t\t\t\t<\/div>\n\t\t<\/div>\n\t\t\t\t<div class=\"elementor-column elementor-col-50 elementor-inner-column elementor-element elementor-element-8ab0209\" data-id=\"8ab0209\" data-element_type=\"column\" data-e-type=\"column\">\n\t\t\t<div class=\"elementor-widget-wrap elementor-element-populated\">\n\t\t\t\t\t\t<div class=\"elementor-element elementor-element-e52f717 elementor-widget elementor-widget-image\" data-id=\"e52f717\" data-element_type=\"widget\" data-e-type=\"widget\" data-widget_type=\"image.default\">\n\t\t\t\t<div class=\"elementor-widget-container\">\n\t\t\t\t\t\t\t\t\t\t\t\t\t\t\t<img loading=\"lazy\" decoding=\"async\" width=\"1024\" height=\"768\" src=\"https:\/\/mueckenschutz-alternativ.de\/wp-content\/uploads\/2021\/04\/IMG_20210403_170221-1024x768.jpg\" class=\"attachment-large size-large wp-image-406\" alt=\"\" srcset=\"https:\/\/mueckenschutz-alternativ.de\/wp-content\/uploads\/2021\/04\/IMG_20210403_170221-1024x768.jpg 1024w, https:\/\/mueckenschutz-alternativ.de\/wp-content\/uploads\/2021\/04\/IMG_20210403_170221-300x225.jpg 300w, https:\/\/mueckenschutz-alternativ.de\/wp-content\/uploads\/2021\/04\/IMG_20210403_170221-768x576.jpg 768w, https:\/\/mueckenschutz-alternativ.de\/wp-content\/uploads\/2021\/04\/IMG_20210403_170221-1536x1152.jpg 1536w, https:\/\/mueckenschutz-alternativ.de\/wp-content\/uploads\/2021\/04\/IMG_20210403_170221.jpg 1664w\" sizes=\"(max-width: 1024px) 100vw, 1024px\" \/>\t\t\t\t\t\t\t\t\t\t\t\t\t\t\t<\/div>\n\t\t\t\t<\/div>\n\t\t\t\t\t<\/div>\n\t\t<\/div>\n\t\t\t\t\t<\/div>\n\t\t<\/section>\n\t\t\t\t\t<\/div>\n\t\t<\/div>\n\t\t\t\t\t<\/div>\n\t\t<\/section>\n\t\t\t\t<section class=\"elementor-section elementor-top-section elementor-element elementor-element-2380c6b elementor-section-boxed elementor-section-height-default elementor-section-height-default\" data-id=\"2380c6b\" data-element_type=\"section\" data-e-type=\"section\">\n\t\t\t\t\t\t<div class=\"elementor-container elementor-column-gap-default\">\n\t\t\t\t\t<div class=\"elementor-column elementor-col-100 elementor-top-column elementor-element elementor-element-25f6788\" data-id=\"25f6788\" data-element_type=\"column\" data-e-type=\"column\">\n\t\t\t<div class=\"elementor-widget-wrap elementor-element-populated\">\n\t\t\t\t\t\t<section class=\"elementor-section elementor-inner-section elementor-element elementor-element-014fd60 elementor-section-boxed elementor-section-height-default elementor-section-height-default\" data-id=\"014fd60\" data-element_type=\"section\" data-e-type=\"section\">\n\t\t\t\t\t\t<div class=\"elementor-container elementor-column-gap-default\">\n\t\t\t\t\t<div class=\"elementor-column elementor-col-50 elementor-inner-column elementor-element elementor-element-39f5483\" data-id=\"39f5483\" data-element_type=\"column\" data-e-type=\"column\">\n\t\t\t<div class=\"elementor-widget-wrap elementor-element-populated\">\n\t\t\t\t\t\t\t<\/div>\n\t\t<\/div>\n\t\t\t\t<div class=\"elementor-column elementor-col-50 elementor-inner-column elementor-element elementor-element-0acedd6\" data-id=\"0acedd6\" data-element_type=\"column\" data-e-type=\"column\">\n\t\t\t<div class=\"elementor-widget-wrap elementor-element-populated\">\n\t\t\t\t\t\t<div class=\"elementor-element elementor-element-3c704f6 elementor-widget elementor-widget-image\" data-id=\"3c704f6\" data-element_type=\"widget\" data-e-type=\"widget\" data-widget_type=\"image.default\">\n\t\t\t\t<div class=\"elementor-widget-container\">\n\t\t\t\t\t\t\t\t\t\t\t\t\t\t\t<img loading=\"lazy\" decoding=\"async\" width=\"1024\" height=\"768\" src=\"https:\/\/mueckenschutz-alternativ.de\/wp-content\/uploads\/2021\/04\/IMG_20210403_170319-1024x768.jpg\" class=\"attachment-large size-large wp-image-407\" alt=\"\" srcset=\"https:\/\/mueckenschutz-alternativ.de\/wp-content\/uploads\/2021\/04\/IMG_20210403_170319-1024x768.jpg 1024w, https:\/\/mueckenschutz-alternativ.de\/wp-content\/uploads\/2021\/04\/IMG_20210403_170319-300x225.jpg 300w, https:\/\/mueckenschutz-alternativ.de\/wp-content\/uploads\/2021\/04\/IMG_20210403_170319-768x576.jpg 768w, https:\/\/mueckenschutz-alternativ.de\/wp-content\/uploads\/2021\/04\/IMG_20210403_170319-1536x1152.jpg 1536w, https:\/\/mueckenschutz-alternativ.de\/wp-content\/uploads\/2021\/04\/IMG_20210403_170319.jpg 1664w\" sizes=\"(max-width: 1024px) 100vw, 1024px\" \/>\t\t\t\t\t\t\t\t\t\t\t\t\t\t\t<\/div>\n\t\t\t\t<\/div>\n\t\t\t\t\t<\/div>\n\t\t<\/div>\n\t\t\t\t\t<\/div>\n\t\t<\/section>\n\t\t\t\t\t<\/div>\n\t\t<\/div>\n\t\t\t\t\t<\/div>\n\t\t<\/section>\n\t\t\t\t<\/div>\n\t\t","protected":false},"excerpt":{"rendered":"<p>\u00a0 \u00a0 Hier nun die Idee zum Selberbasteln eines Zimts\u00e4ckchens f\u00fcr den Handr\u00fccken Sie brauchen einen gen\u00e4hten Stoffschlauch (Organzastoff oder Satin), ein Gummiband und nat\u00fcrlich Zimtstangen. Das Gummiband doppelt in den Schlauch einziehen. Das Ende des Stoffes mit dem Gummiband zusammen verknoten und den Schlauch am offenen Ende mit einer Zimtstange bef\u00fcllen. Nun das offene [&hellip;]<\/p>\n","protected":false},"author":1,"featured_media":0,"parent":89,"menu_order":0,"comment_status":"closed","ping_status":"closed","template":"elementor_header_footer","meta":{"ocean_post_layout":"full-screen","ocean_both_sidebars_style":"","ocean_both_sidebars_content_width":0,"ocean_both_sidebars_sidebars_width":0,"ocean_sidebar":"0","ocean_second_sidebar":"0","ocean_disable_margins":"enable","ocean_add_body_class":"","ocean_shortcode_before_top_bar":"","ocean_shortcode_after_top_bar":"","ocean_shortcode_before_header":"","ocean_shortcode_after_header":"","ocean_has_shortcode":"","ocean_shortcode_after_title":"","ocean_shortcode_before_footer_widgets":"","ocean_shortcode_after_footer_widgets":"","ocean_shortcode_before_footer_bottom":"","ocean_shortcode_after_footer_bottom":"","ocean_display_top_bar":"on","ocean_display_header":"on","ocean_header_style":"","ocean_center_header_left_menu":"0","ocean_custom_header_template":"0","ocean_custom_logo":0,"ocean_custom_retina_logo":0,"ocean_custom_logo_max_width":0,"ocean_custom_logo_tablet_max_width":0,"ocean_custom_logo_mobile_max_width":0,"ocean_custom_logo_max_height":0,"ocean_custom_logo_tablet_max_height":0,"ocean_custom_logo_mobile_max_height":0,"ocean_header_custom_menu":"0","ocean_menu_typo_font_family":"0","ocean_menu_typo_font_subset":"","ocean_menu_typo_font_size":0,"ocean_menu_typo_font_size_tablet":0,"ocean_menu_typo_font_size_mobile":0,"ocean_menu_typo_font_size_unit":"px","ocean_menu_typo_font_weight":"","ocean_menu_typo_font_weight_tablet":"","ocean_menu_typo_font_weight_mobile":"","ocean_menu_typo_transform":"","ocean_menu_typo_transform_tablet":"","ocean_menu_typo_transform_mobile":"","ocean_menu_typo_line_height":0,"ocean_menu_typo_line_height_tablet":0,"ocean_menu_typo_line_height_mobile":0,"ocean_menu_typo_line_height_unit":"","ocean_menu_typo_spacing":0,"ocean_menu_typo_spacing_tablet":0,"ocean_menu_typo_spacing_mobile":0,"ocean_menu_typo_spacing_unit":"","ocean_menu_link_color":"","ocean_menu_link_color_hover":"","ocean_menu_link_color_active":"","ocean_menu_link_background":"","ocean_menu_link_hover_background":"","ocean_menu_link_active_background":"","ocean_menu_social_links_bg":"","ocean_menu_social_hover_links_bg":"","ocean_menu_social_links_color":"","ocean_menu_social_hover_links_color":"","ocean_disable_title":"on","ocean_disable_heading":"default","ocean_post_title":"","ocean_post_subheading":"","ocean_post_title_style":"","ocean_post_title_background_color":"","ocean_post_title_background":0,"ocean_post_title_bg_image_position":"","ocean_post_title_bg_image_attachment":"","ocean_post_title_bg_image_repeat":"","ocean_post_title_bg_image_size":"","ocean_post_title_height":0,"ocean_post_title_bg_overlay":0.5,"ocean_post_title_bg_overlay_color":"","ocean_disable_breadcrumbs":"default","ocean_breadcrumbs_color":"","ocean_breadcrumbs_separator_color":"","ocean_breadcrumbs_links_color":"","ocean_breadcrumbs_links_hover_color":"","ocean_display_footer_widgets":"on","ocean_display_footer_bottom":"on","ocean_custom_footer_template":"0","footnotes":""},"class_list":["post-414","page","type-page","status-publish","hentry","entry"],"_links":{"self":[{"href":"https:\/\/mueckenschutz-alternativ.de\/index.php?rest_route=\/wp\/v2\/pages\/414","targetHints":{"allow":["GET"]}}],"collection":[{"href":"https:\/\/mueckenschutz-alternativ.de\/index.php?rest_route=\/wp\/v2\/pages"}],"about":[{"href":"https:\/\/mueckenschutz-alternativ.de\/index.php?rest_route=\/wp\/v2\/types\/page"}],"author":[{"embeddable":true,"href":"https:\/\/mueckenschutz-alternativ.de\/index.php?rest_route=\/wp\/v2\/users\/1"}],"replies":[{"embeddable":true,"href":"https:\/\/mueckenschutz-alternativ.de\/index.php?rest_route=%2Fwp%2Fv2%2Fcomments&post=414"}],"version-history":[{"count":7,"href":"https:\/\/mueckenschutz-alternativ.de\/index.php?rest_route=\/wp\/v2\/pages\/414\/revisions"}],"predecessor-version":[{"id":444,"href":"https:\/\/mueckenschutz-alternativ.de\/index.php?rest_route=\/wp\/v2\/pages\/414\/revisions\/444"}],"up":[{"embeddable":true,"href":"https:\/\/mueckenschutz-alternativ.de\/index.php?rest_route=\/wp\/v2\/pages\/89"}],"wp:attachment":[{"href":"https:\/\/mueckenschutz-alternativ.de\/index.php?rest_route=%2Fwp%2Fv2%2Fmedia&parent=414"}],"curies":[{"name":"wp","href":"https:\/\/api.w.org\/{rel}","templated":true}]}}